{"id":3,"date":"2012-02-27T08:27:59","date_gmt":"2012-02-27T08:27:59","guid":{"rendered":"http:\/\/catedraneumaticos.umh.es\/presentacion\/"},"modified":"2014-07-29T10:31:43","modified_gmt":"2014-07-29T08:31:43","slug":"presentacion","status":"publish","type":"page","link":"https:\/\/catedraneumaticos.umh.es\/ca\/","title":{"rendered":"Presentaci\u00f3"},"content":{"rendered":"<p><a href=\"https:\/\/catedraneumaticos.umh.es\/files\/2012\/02\/imagen21.jpg\"><img loading=\"lazy\" class=\"alignleft\" title=\"imagen2\" alt=\"\" src=\"https:\/\/catedraneumaticos.umh.es\/files\/2012\/02\/imagen21-244x300.jpg\" width=\"244\" height=\"300\" \/><\/a>La C\u00e0tedra per a la Investigaci\u00f3 i formaci\u00f3 sobre els Neum\u00e0tics Reciclats te com a objectiu el foment d\u2019investigaci\u00f3 i la formaci\u00f3 sobre els neum\u00e0tics reciclats, i servir de via de comunicaci\u00f3 i col\u00b7laboraci\u00f3 entre l\u00b4industria del neum\u00e0tic i els distints agents relacionats en la mateixa.<\/p>\n<p>Pret\u00e9n ser un punt d\u2019encontre per a l\u00b4organitzaci\u00f3 de reunions i jornades que serveixen de posada en com\u00fa entre els professionals del sector espanyol i europeu del neum\u00e0tic reciclat, els centres d\u00b4investigaci\u00f3 i les administracions relacionades amb el mateix.<br \/>\nLa c\u00e0tedra del neum\u00e0tic reciclat analitza les necessitats i problem\u00e0tica del sector industrial del neum\u00e0tic reciclat, i propostes de l\u00ednies d\u2019actuaci\u00f3 per contribuir al foment del mateix.<\/p>","protected":false},"excerpt":{"rendered":"<p>La C\u00e0tedra per a la Investigaci\u00f3 i formaci\u00f3 sobre els Neum\u00e0tics Reciclats te com a objectiu el foment d\u2019investigaci\u00f3 i la formaci\u00f3 sobre els neum\u00e0tics reciclats, i servir de via de comunicaci\u00f3 i col\u00b7laboraci\u00f3 entre l\u00b4industria del neum\u00e0tic i els distints agents relacionats en la mateixa.<br \/>\nPret\u00e9n ser un punt d\u2019encontre per a l\u00b4organitzaci\u00f3 de reunions [&#8230;]<\/p>\n","protected":false},"author":730,"featured_media":0,"parent":0,"menu_order":0,"comment_status":"closed","ping_status":"open","template":"","meta":{"ngg_post_thumbnail":0,"_links_to":"","_links_to_target":""},"_links":{"self":[{"href":"https:\/\/catedraneumaticos.umh.es\/ca\/wp-json\/wp\/v2\/pages\/3"}],"collection":[{"href":"https:\/\/catedraneumaticos.umh.es\/ca\/wp-json\/wp\/v2\/pages"}],"about":[{"href":"https:\/\/catedraneumaticos.umh.es\/ca\/wp-json\/wp\/v2\/types\/page"}],"author":[{"embeddable":true,"href":"https:\/\/catedraneumaticos.umh.es\/ca\/wp-json\/wp\/v2\/users\/730"}],"replies":[{"embeddable":true,"href":"https:\/\/catedraneumaticos.umh.es\/ca\/wp-json\/wp\/v2\/comments?post=3"}],"version-history":[{"count":0,"href":"https:\/\/catedraneumaticos.umh.es\/ca\/wp-json\/wp\/v2\/pages\/3\/revisions"}],"wp:attachment":[{"href":"https:\/\/catedraneumaticos.umh.es\/ca\/wp-json\/wp\/v2\/media?parent=3"}],"curies":[{"name":"wp","href":"https:\/\/api.w.org\/{rel}","templated":true}]}}