{"id":52,"date":"2012-03-27T09:44:02","date_gmt":"2012-03-27T09:44:02","guid":{"rendered":"http:\/\/catedraneumaticos.umh.es\/formacion\/proximos-cursos\/curso-calibracion-y-mantenimiento-de-maquinaria-de-recauchutado\/"},"modified":"2013-03-11T20:26:44","modified_gmt":"2013-03-11T19:26:44","slug":"curso-calibracion-y-mantenimiento-de-maquinaria-de-recauchutado","status":"publish","type":"page","link":"https:\/\/catedraneumaticos.umh.es\/en\/formacion\/proximos-cursos\/curso-calibracion-y-mantenimiento-de-maquinaria-de-recauchutado\/","title":{"rendered":"<span lang=\"es\">(Espa\u00f1ol) CURSO: T\u00e9cnicas de reparaci\u00f3n de neum\u00e1ticos. 20 de marzo de 2013.<\/span>"},"content":{"rendered":"<p><\/p>\n<\/p>\n<p><\/p>","protected":false},"excerpt":{"rendered":"","protected":false},"author":730,"featured_media":0,"parent":37,"menu_order":1,"comment_status":"closed","ping_status":"open","template":"","meta":{"ngg_post_thumbnail":0,"_links_to":"","_links_to_target":""},"_links":{"self":[{"href":"https:\/\/catedraneumaticos.umh.es\/en\/wp-json\/wp\/v2\/pages\/52"}],"collection":[{"href":"https:\/\/catedraneumaticos.umh.es\/en\/wp-json\/wp\/v2\/pages"}],"about":[{"href":"https:\/\/catedraneumaticos.umh.es\/en\/wp-json\/wp\/v2\/types\/page"}],"author":[{"embeddable":true,"href":"https:\/\/catedraneumaticos.umh.es\/en\/wp-json\/wp\/v2\/users\/730"}],"replies":[{"embeddable":true,"href":"https:\/\/catedraneumaticos.umh.es\/en\/wp-json\/wp\/v2\/comments?post=52"}],"version-history":[{"count":0,"href":"https:\/\/catedraneumaticos.umh.es\/en\/wp-json\/wp\/v2\/pages\/52\/revisions"}],"up":[{"embeddable":true,"href":"https:\/\/catedraneumaticos.umh.es\/en\/wp-json\/wp\/v2\/pages\/37"}],"wp:attachment":[{"href":"https:\/\/catedraneumaticos.umh.es\/en\/wp-json\/wp\/v2\/media?parent=52"}],"curies":[{"name":"wp","href":"https:\/\/api.w.org\/{rel}","templated":true}]}}